{"id":1126,"date":"2024-03-05T12:13:11","date_gmt":"2024-03-05T09:13:11","guid":{"rendered":"https:\/\/yelkenlizeytinyagi.com.tr\/?post_type=product&#038;p=1126"},"modified":"2024-03-05T13:07:12","modified_gmt":"2024-03-05T10:07:12","slug":"yelkenli-seramik-sise","status":"publish","type":"product","link":"https:\/\/yelkenlizeytinyagi.com.tr\/?product=yelkenli-seramik-sise","title":{"rendered":"Yelkenli Seramik \u015ei\u015fe"},"content":{"rendered":"<p>So\u011fuk s\u0131k\u0131m y\u00f6ntemi ile \u00fcretilmi\u015ftir.<\/p>\n<p>\u00d6zel Seramik ambalaj\u0131ndad\u0131r.<\/p>\n<p>\u00d6zenle se\u00e7ilmi\u015f zeytinlerden \u00fcretilmi\u015ftir.<\/p>\n<p>24 saat i\u00e7erisinde s\u0131k\u0131m i\u015flemi tamamlanm\u0131\u015ft\u0131r.<\/p>\n","protected":false},"excerpt":{"rendered":"<div class=\"woocommerce-product-details__short-description\">\n<p>Yelkenli Seramik \u015ei\u015fesinde lezzetini uzun zaman muhafaza eder.<\/p>\n<\/div>\n<div class=\"product_meta\"><\/div>\n","protected":false},"featured_media":1127,"template":"","meta":[],"product_cat":[63],"product_tag":[],"_links":{"self":[{"href":"https:\/\/yelkenlizeytinyagi.com.tr\/index.php?rest_route=\/wp\/v2\/product\/1126"}],"collection":[{"href":"https:\/\/yelkenlizeytinyagi.com.tr\/index.php?rest_route=\/wp\/v2\/product"}],"about":[{"href":"https:\/\/yelkenlizeytinyagi.com.tr\/index.php?rest_route=\/wp\/v2\/types\/product"}],"wp:featuredmedia":[{"embeddable":true,"href":"https:\/\/yelkenlizeytinyagi.com.tr\/index.php?rest_route=\/wp\/v2\/media\/1127"}],"wp:attachment":[{"href":"https:\/\/yelkenlizeytinyagi.com.tr\/index.php?rest_route=%2Fwp%2Fv2%2Fmedia&parent=1126"}],"wp:term":[{"taxonomy":"product_cat","embeddable":true,"href":"https:\/\/yelkenlizeytinyagi.com.tr\/index.php?rest_route=%2Fwp%2Fv2%2Fproduct_cat&post=1126"},{"taxonomy":"product_tag","embeddable":true,"href":"https:\/\/yelkenlizeytinyagi.com.tr\/index.php?rest_route=%2Fwp%2Fv2%2Fproduct_tag&post=1126"}],"curies":[{"name":"wp","href":"https:\/\/api.w.org\/{rel}","templated":true}]}}