{"id":1124,"date":"2024-03-05T12:12:27","date_gmt":"2024-03-05T09:12:27","guid":{"rendered":"https:\/\/yelkenlizeytinyagi.com.tr\/?post_type=product&#038;p=1124"},"modified":"2024-03-05T13:06:18","modified_gmt":"2024-03-05T10:06:18","slug":"riviera-500-ml","status":"publish","type":"product","link":"https:\/\/yelkenlizeytinyagi.com.tr\/?product=riviera-500-ml","title":{"rendered":"Riviera 500 ml."},"content":{"rendered":"<p>So\u011fuk s\u0131k\u0131m y\u00f6ntemi ile \u00fcretilmi\u015ftir.<\/p>\n<p>0,5 litrelik \u00f6zel cam ambalaj\u0131ndad\u0131r.<\/p>\n<p>\u00d6zenle se\u00e7ilmi\u015f zeytinlerden \u00fcretilmi\u015ftir.<\/p>\n<p>24 saat i\u00e7erisinde s\u0131k\u0131m i\u015flemi tamamlanm\u0131\u015ft\u0131r.<\/p>\n","protected":false},"excerpt":{"rendered":"<div class=\"woocommerce-product-details__short-description\">\n<p>Yelkenli 500 ml. Riviera Zeytinya\u011f\u0131 sa\u011fl\u0131kl\u0131 cam \u015fi\u015fede<\/p>\n<\/div>\n","protected":false},"featured_media":1125,"template":"","meta":[],"product_cat":[63],"product_tag":[],"_links":{"self":[{"href":"https:\/\/yelkenlizeytinyagi.com.tr\/index.php?rest_route=\/wp\/v2\/product\/1124"}],"collection":[{"href":"https:\/\/yelkenlizeytinyagi.com.tr\/index.php?rest_route=\/wp\/v2\/product"}],"about":[{"href":"https:\/\/yelkenlizeytinyagi.com.tr\/index.php?rest_route=\/wp\/v2\/types\/product"}],"wp:featuredmedia":[{"embeddable":true,"href":"https:\/\/yelkenlizeytinyagi.com.tr\/index.php?rest_route=\/wp\/v2\/media\/1125"}],"wp:attachment":[{"href":"https:\/\/yelkenlizeytinyagi.com.tr\/index.php?rest_route=%2Fwp%2Fv2%2Fmedia&parent=1124"}],"wp:term":[{"taxonomy":"product_cat","embeddable":true,"href":"https:\/\/yelkenlizeytinyagi.com.tr\/index.php?rest_route=%2Fwp%2Fv2%2Fproduct_cat&post=1124"},{"taxonomy":"product_tag","embeddable":true,"href":"https:\/\/yelkenlizeytinyagi.com.tr\/index.php?rest_route=%2Fwp%2Fv2%2Fproduct_tag&post=1124"}],"curies":[{"name":"wp","href":"https:\/\/api.w.org\/{rel}","templated":true}]}}