{"id":1119,"date":"2024-03-05T12:08:44","date_gmt":"2024-03-05T09:08:44","guid":{"rendered":"https:\/\/yelkenlizeytinyagi.com.tr\/?post_type=product&#038;p=1119"},"modified":"2024-03-05T13:07:41","modified_gmt":"2024-03-05T10:07:41","slug":"naturel-sizma-5-lt","status":"publish","type":"product","link":"https:\/\/yelkenlizeytinyagi.com.tr\/?product=naturel-sizma-5-lt","title":{"rendered":"Naturel S\u0131zma 5 Lt."},"content":{"rendered":"<p>So\u011fuk s\u0131k\u0131m y\u00f6ntemi ile \u00fcretilmi\u015ftir.<\/p>\n<p>5 litrelik \u00f6zel teneke ambalaj\u0131ndad\u0131r.<\/p>\n<p>\u00d6zenle se\u00e7ilmi\u015f zeytinlerden \u00fcretilmi\u015ftir.<\/p>\n<p>24 saat i\u00e7erisinde s\u0131k\u0131m i\u015flemi tamamlanm\u0131\u015ft\u0131r.<\/p>\n","protected":false},"excerpt":{"rendered":"<div class=\"woocommerce-product-details__short-description\">\n<p>Yelkenli 5 Lt. Naturel S\u0131zma Zeytinya\u011f\u0131, 5 Litrelik \u00f6zel teneke ambalajda.<\/p>\n<\/div>\n","protected":false},"featured_media":1120,"template":"","meta":[],"product_cat":[63],"product_tag":[],"_links":{"self":[{"href":"https:\/\/yelkenlizeytinyagi.com.tr\/index.php?rest_route=\/wp\/v2\/product\/1119"}],"collection":[{"href":"https:\/\/yelkenlizeytinyagi.com.tr\/index.php?rest_route=\/wp\/v2\/product"}],"about":[{"href":"https:\/\/yelkenlizeytinyagi.com.tr\/index.php?rest_route=\/wp\/v2\/types\/product"}],"wp:featuredmedia":[{"embeddable":true,"href":"https:\/\/yelkenlizeytinyagi.com.tr\/index.php?rest_route=\/wp\/v2\/media\/1120"}],"wp:attachment":[{"href":"https:\/\/yelkenlizeytinyagi.com.tr\/index.php?rest_route=%2Fwp%2Fv2%2Fmedia&parent=1119"}],"wp:term":[{"taxonomy":"product_cat","embeddable":true,"href":"https:\/\/yelkenlizeytinyagi.com.tr\/index.php?rest_route=%2Fwp%2Fv2%2Fproduct_cat&post=1119"},{"taxonomy":"product_tag","embeddable":true,"href":"https:\/\/yelkenlizeytinyagi.com.tr\/index.php?rest_route=%2Fwp%2Fv2%2Fproduct_tag&post=1119"}],"curies":[{"name":"wp","href":"https:\/\/api.w.org\/{rel}","templated":true}]}}