{"id":59,"date":"2016-06-10T11:18:48","date_gmt":"2016-06-10T11:18:48","guid":{"rendered":"https:\/\/yelkenlizeytinyagi.com.tr\/?page_id=59"},"modified":"2024-03-05T13:50:12","modified_gmt":"2024-03-05T10:50:12","slug":"iletisim","status":"publish","type":"page","link":"https:\/\/yelkenlizeytinyagi.com.tr\/?page_id=59","title":{"rendered":"\u0130leti\u015fim"},"content":{"rendered":"<div class=\"wpb-content-wrapper\"><p>[vc_row css=&#8221;.vc_custom_1466754820165{padding-top: 1.9em !important;}&#8221;][vc_column]<div class=\"sc_section margin_top_huge\"><div class=\"sc_section_inner\"><div class=\"sc_section_content_wrap\"><h2 class=\"sc_title sc_title_iconed sc_align_center margin_top_small\" style=\"text-align:center;\"><span class=\"sc_title_icon sc_title_icon_top  sc_title_icon_large\"><img decoding=\"async\" src=\"https:\/\/yelkenlizeytinyagi.com.tr\/wp-content\/uploads\/2016\/06\/title_img.png\" alt=\"\" \/><\/span><\/p>\n<p class=\"sc_title sc_title_iconed sc_align_center margin_top_small\">Ziyaret edin ya da mesaj b\u0131rak\u0131n!<\/p>\n<p><\/h2><div class=\"columns_wrap sc_columns columns_nofluid sc_columns_count_3\"><div class=\"column-1_3 sc_column_item sc_column_item_1 odd first\"><div class=\"sc_section sc_section_block  aligncenter\"><div class=\"sc_section_inner\"><div class=\"sc_section_content_wrap\"><figure class=\"sc_image  sc_image_shape_square\"><img decoding=\"async\" src=\"https:\/\/yelkenlizeytinyagi.com.tr\/wp-content\/uploads\/2016\/06\/icon-2.png\" alt=\"\" \/><\/figure>[vc_empty_space height=&#8221;0.65em&#8221;]<h4 class=\"sc_title sc_title_underline sc_align_center margin_top_tiny margin_bottom_tiny\" style=\"text-align:center;\">Adres<\/h4>[vc_column_text]\u00c7epni \u2013 Akk\u00f6y Kav\u015fa\u011f\u0131<br \/>\nK\u0131nal\u0131kaya Mevkii<br \/>\n\u00c7epni Mahallesi\/ Mudanya \/ Bursa \/ TR[\/vc_column_text]<\/div><\/div><\/div><\/div><div class=\"column-1_3 sc_column_item sc_column_item_2 even\"><div class=\"sc_section sc_section_block  aligncenter\"><div class=\"sc_section_inner\"><div class=\"sc_section_content_wrap\"><figure class=\"sc_image  sc_image_shape_square\"><img decoding=\"async\" src=\"https:\/\/yelkenlizeytinyagi.com.tr\/wp-content\/uploads\/2016\/06\/icon-3.png\" alt=\"\" \/><\/figure>[vc_empty_space height=&#8221;0.65em&#8221;]<h4 class=\"sc_title sc_title_underline sc_align_center margin_top_tiny margin_bottom_tiny\" style=\"text-align:center;\">Telefon<\/p>\n<div id=\"gtx-trans\" style=\"position: absolute; left: -60px; top: 39px;\">\n<div class=\"gtx-trans-icon\"><\/div>\n<\/div>\n<p><\/h4>[vc_column_text]<a href=\"tel:902245686262\">+90 224 568 62 62<\/a>[\/vc_column_text]<\/div><\/div><\/div><\/div><div class=\"column-1_3 sc_column_item sc_column_item_3 odd\"><div class=\"sc_section sc_section_block  aligncenter\"><div class=\"sc_section_inner\"><div class=\"sc_section_content_wrap\"><figure class=\"sc_image  sc_image_shape_square\"><img decoding=\"async\" src=\"https:\/\/yelkenlizeytinyagi.com.tr\/wp-content\/uploads\/2016\/06\/icon-4.png\" alt=\"\" \/><\/figure>[vc_empty_space height=&#8221;0.65em&#8221;]<h4 class=\"sc_title sc_title_underline sc_align_center margin_top_tiny margin_bottom_tiny\" style=\"text-align:center;\">E-Posta<\/p>\n<div id=\"gtx-trans\" style=\"position: absolute; left: -94px; top: -4px;\">\n<div class=\"gtx-trans-icon\"><\/div>\n<\/div>\n<p><\/h4>[vc_column_text]<a href=\"mailto:info@yelkenli.com.tr\">info@yelkenli.com.tr<\/a><\/p>\n<div id=\"gtx-trans\" style=\"position: absolute; left: -86px; top: -4px;\">\n<div class=\"gtx-trans-icon\"><\/div>\n<\/div>\n<p>[\/vc_column_text]<\/div><\/div><\/div><\/div><\/div><\/div><\/div><\/div>[\/vc_column][\/vc_row][vc_row inverse=&#8221;&#8221;][vc_column]<div class=\"sc_section margin_bottom_medium aligncenter column-5_12\"><div class=\"sc_section_inner\"><div class=\"sc_section_content_wrap\">[vc_empty_space height=&#8221;4em&#8221;][vc_empty_space height=&#8221;4em&#8221;]\n<div class=\"wpcf7 no-js\" id=\"wpcf7-f733-o1\" lang=\"en-US\" dir=\"ltr\">\n<div class=\"screen-reader-response\"><p role=\"status\" aria-live=\"polite\" aria-atomic=\"true\"><\/p> <ul><\/ul><\/div>\n<form action=\"\/index.php?rest_route=%2Fwp%2Fv2%2Fpages%2F59#wpcf7-f733-o1\" method=\"post\" class=\"wpcf7-form init\" aria-label=\"Contact form\" novalidate=\"novalidate\" data-status=\"init\">\n<div style=\"display: none;\">\n<input type=\"hidden\" name=\"_wpcf7\" value=\"733\" \/>\n<input type=\"hidden\" name=\"_wpcf7_version\" value=\"5.9.6\" \/>\n<input type=\"hidden\" name=\"_wpcf7_locale\" value=\"en_US\" \/>\n<input type=\"hidden\" name=\"_wpcf7_unit_tag\" value=\"wpcf7-f733-o1\" \/>\n<input type=\"hidden\" name=\"_wpcf7_container_post\" value=\"0\" \/>\n<input type=\"hidden\" name=\"_wpcf7_posted_data_hash\" value=\"\" \/>\n<\/div>\n<div class=\"flex\">\n<div class='itm row' ><span class=\"wpcf7-form-control-wrap\" data-name=\"your-name\"><input size=\"40\" maxlength=\"80\" class=\"wpcf7-form-control wpcf7-text wpcf7-validates-as-required\" aria-required=\"true\" aria-invalid=\"false\" placeholder=\"Ad\u0131n\u0131z*\" value=\"\" type=\"text\" name=\"your-name\" \/><\/span><\/div> \n<div class='itm row'><span class=\"wpcf7-form-control-wrap\" data-name=\"your-email\"><input size=\"40\" maxlength=\"80\" class=\"wpcf7-form-control wpcf7-email wpcf7-validates-as-required wpcf7-text wpcf7-validates-as-email\" aria-required=\"true\" aria-invalid=\"false\" placeholder=\"E-Posta adresiniz*\" value=\"\" type=\"email\" name=\"your-email\" \/><\/span><\/div><\/div>\n<div class=''><span class=\"wpcf7-form-control-wrap\" data-name=\"your-message\"><textarea cols=\"40\" rows=\"10\" maxlength=\"400\" class=\"wpcf7-form-control wpcf7-textarea wpcf7-validates-as-required\" aria-required=\"true\" aria-invalid=\"false\" placeholder=\"Mesaj\u0131n\u0131z*\" name=\"your-message\"><\/textarea><\/span><\/div>\n<div><span class=\"wpcf7-form-control-wrap\" data-name=\"acceptance-157\"><span class=\"wpcf7-form-control wpcf7-acceptance\"><span class=\"wpcf7-list-item\"><label><input type=\"checkbox\" name=\"acceptance-157\" value=\"1\" aria-invalid=\"false\" \/><span class=\"wpcf7-list-item-label\">G\u00f6nderdi\u011fim verilerin toplanmas\u0131n\u0131 ve saklanmas\u0131n\u0131 kabul ediyorum.<\/span><\/label><\/span><\/span><\/span><\/div> \n<div class=\"sc_form_field sc_form_field_button sc_form_field_submit\"><input class=\"wpcf7-form-control wpcf7-submit has-spinner\" type=\"submit\" value=\"Mesaj G\u00f6nder\" \/><\/div><div class=\"wpcf7-response-output\" aria-hidden=\"true\"><\/div>\n<\/form>\n<\/div>\n<\/div><\/div><\/div>[\/vc_column][\/vc_row][vc_row full_width=&#8221;stretch_row_content_no_spaces&#8221;][vc_column]<div id=\"sc_googlemap_70076427\" class=\"sc_googlemap\" style=\"width:100%;height:504px;\" data-zoom=\"18\" data-style=\"greyscale\"><iframe src=\"https:\/\/maps.google.com\/maps?t=m&output=embed&iwloc=near&z=18&q=8VM8%2B7C+Mudanya%2C+Bursa\" scrolling=\"no\" marginheight=\"0\" marginwidth=\"0\" frameborder=\"0\"\n                    aria-label=\"Yelkenli Zeytinya\u011f\u0131\"><\/iframe><\/div>[\/vc_column][\/vc_row]<\/p>\n<\/div>","protected":false},"excerpt":{"rendered":"<p>[vc_row css=&#8221;.vc_custom_1466754820165{padding-top: 1.9em !important;}&#8221;][vc_column][\/vc_column][\/vc_row][vc_row inverse=&#8221;&#8221;][vc_column][\/vc_column][\/vc_row][vc_row full_width=&#8221;stretch_row_content_no_spaces&#8221;][vc_column][\/vc_column][\/vc_row]<\/p>\n","protected":false},"author":1,"featured_media":0,"parent":0,"menu_order":0,"comment_status":"closed","ping_status":"closed","template":"","meta":{"footnotes":""},"_links":{"self":[{"href":"https:\/\/yelkenlizeytinyagi.com.tr\/index.php?rest_route=\/wp\/v2\/pages\/59"}],"collection":[{"href":"https:\/\/yelkenlizeytinyagi.com.tr\/index.php?rest_route=\/wp\/v2\/pages"}],"about":[{"href":"https:\/\/yelkenlizeytinyagi.com.tr\/index.php?rest_route=\/wp\/v2\/types\/page"}],"author":[{"embeddable":true,"href":"https:\/\/yelkenlizeytinyagi.com.tr\/index.php?rest_route=\/wp\/v2\/users\/1"}],"replies":[{"embeddable":true,"href":"https:\/\/yelkenlizeytinyagi.com.tr\/index.php?rest_route=%2Fwp%2Fv2%2Fcomments&post=59"}],"version-history":[{"count":6,"href":"https:\/\/yelkenlizeytinyagi.com.tr\/index.php?rest_route=\/wp\/v2\/pages\/59\/revisions"}],"predecessor-version":[{"id":1152,"href":"https:\/\/yelkenlizeytinyagi.com.tr\/index.php?rest_route=\/wp\/v2\/pages\/59\/revisions\/1152"}],"wp:attachment":[{"href":"https:\/\/yelkenlizeytinyagi.com.tr\/index.php?rest_route=%2Fwp%2Fv2%2Fmedia&parent=59"}],"curies":[{"name":"wp","href":"https:\/\/api.w.org\/{rel}","templated":true}]}}