{"id":186,"date":"2016-06-14T10:59:10","date_gmt":"2016-06-14T10:59:10","guid":{"rendered":"https:\/\/yelkenlizeytinyagi.com.tr\/?page_id=186"},"modified":"2024-03-05T00:46:29","modified_gmt":"2024-03-04T21:46:29","slug":"hakkimizda","status":"publish","type":"page","link":"https:\/\/yelkenlizeytinyagi.com.tr\/?page_id=186","title":{"rendered":"Hakk\u0131m\u0131zda"},"content":{"rendered":"<div class=\"wpb-content-wrapper\"><p>[vc_row full_width=&#8221;stretch_row&#8221; css=&#8221;.vc_custom_1467376872141{background-color: #f9f7f2 !important;}&#8221;][vc_column]<div class=\"sc_section margin_top_huge margin_bottom_medium\"><div class=\"sc_section_inner\"><div class=\"sc_section_content_wrap\">[vc_empty_space height=&#8221;1.5em&#8221;]<h2 class=\"sc_title sc_title_iconed sc_align_center margin_top_tiny\" style=\"text-align:center;\"><span class=\"sc_title_icon sc_title_icon_top  sc_title_icon_large\"><img decoding=\"async\" src=\"https:\/\/yelkenlizeytinyagi.com.tr\/wp-content\/uploads\/2016\/06\/title_img.png\" alt=\"\" \/><\/span>Hakk\u0131m\u0131zda<\/h2>[vc_empty_space height=&#8221;0.5em&#8221;][vc_column_text]<\/p>\n<h5><strong>Uzg\u00f6r\u00fc ve \u00d6zg\u00f6rev<\/strong><\/h5>\n<p>Bilmenizi isteriz ki severek \u00fcretiyoruz. Sevgi ile \u00fcretilen her mahsul\u00fcnde daha lezzetli ve daha k\u0131ymetli oldu\u011funa inan\u0131yoruz. En sevdi\u011finiz yelkenlileri Avrupa Birli\u011fi standartlar\u0131na sahip tesisimizde \u00fcretiyor ve dolduruyoruz&#8230;<\/p>\n<p>\u00dcretim a\u015famas\u0131ndan doluma kadar her alanda g\u00f6z\u00fcm\u00fcz gibi bakt\u0131\u011f\u0131m\u0131z en sevdiklerimizi size emanet ediyoruz.<\/p>\n<p>S\u00f6z veriyoruz \u00fcretime ba\u015flad\u0131\u011f\u0131m\u0131z ilk g\u00fcndeki heyecan ve sevgimizi kaybetmeden en g\u00fczelini en lezzetlisini en k\u0131ymetlisini \u00fcretmeye ve doldurmaya devam edece\u011fiz.<\/p>\n<p>Sofralar\u0131n\u0131zdan bereket eksik olmas\u0131n.<\/p>\n<p>Afiyet olsun.<\/p>\n<h5><strong>\u00dcretim<\/strong><\/h5>\n<p>Tesisimiz bursa ili Mudanya il\u00e7esinde. 29 000 m2 \u00fczerinde 3000 m2 kapal\u0131 \u00fcretim alan\u0131na sahip olan tesisimizde Avrupa birli\u011fi standartlar\u0131na uygun \u00fcretim ve dolum faaliyetlerimizi \u00fclkemizin en tecr\u00fcbeli ekibi ile s\u00fcrd\u00fcrmekteyiz. Diledi\u011finiz zaman bir randevu alarak \u00fcretimi t\u00fcm a\u015famalar\u0131 ile g\u00f6zlemleyebilir fikir sahibi olabilirsiniz.[\/vc_column_text]<\/div><\/div><\/div>[\/vc_column][\/vc_row]<\/p>\n<\/div>","protected":false},"excerpt":{"rendered":"<p>[vc_row full_width=&#8221;stretch_row&#8221; css=&#8221;.vc_custom_1467376872141{background-color: #f9f7f2 !important;}&#8221;][vc_column][\/vc_column][\/vc_row]<\/p>\n","protected":false},"author":1,"featured_media":0,"parent":0,"menu_order":0,"comment_status":"closed","ping_status":"closed","template":"","meta":{"footnotes":""},"_links":{"self":[{"href":"https:\/\/yelkenlizeytinyagi.com.tr\/index.php?rest_route=\/wp\/v2\/pages\/186"}],"collection":[{"href":"https:\/\/yelkenlizeytinyagi.com.tr\/index.php?rest_route=\/wp\/v2\/pages"}],"about":[{"href":"https:\/\/yelkenlizeytinyagi.com.tr\/index.php?rest_route=\/wp\/v2\/types\/page"}],"author":[{"embeddable":true,"href":"https:\/\/yelkenlizeytinyagi.com.tr\/index.php?rest_route=\/wp\/v2\/users\/1"}],"replies":[{"embeddable":true,"href":"https:\/\/yelkenlizeytinyagi.com.tr\/index.php?rest_route=%2Fwp%2Fv2%2Fcomments&post=186"}],"version-history":[{"count":1,"href":"https:\/\/yelkenlizeytinyagi.com.tr\/index.php?rest_route=\/wp\/v2\/pages\/186\/revisions"}],"predecessor-version":[{"id":1104,"href":"https:\/\/yelkenlizeytinyagi.com.tr\/index.php?rest_route=\/wp\/v2\/pages\/186\/revisions\/1104"}],"wp:attachment":[{"href":"https:\/\/yelkenlizeytinyagi.com.tr\/index.php?rest_route=%2Fwp%2Fv2%2Fmedia&parent=186"}],"curies":[{"name":"wp","href":"https:\/\/api.w.org\/{rel}","templated":true}]}}